{"id":918,"date":"2025-06-27T16:55:26","date_gmt":"2025-06-27T09:55:26","guid":{"rendered":"https:\/\/mocnam.vn\/huong-dan-di-chuyen\/"},"modified":"2025-07-15T07:25:40","modified_gmt":"2025-07-15T07:25:40","slug":"moving-options","status":"publish","type":"page","link":"https:\/\/mocnam.vn\/en\/moving-options\/","title":{"rendered":"Moving options"},"content":{"rendered":"<div class=\"container section-title-container\" ><h3 class=\"section-title section-title-center\"><b aria-hidden=\"true\"><\/b><span class=\"section-title-main\" >H\u01b0\u1edbng D\u1eabn Di Chuy\u1ec3n<\/span><b aria-hidden=\"true\"><\/b><\/h3><\/div>\n<h4 dir=\"auto\">Tour ch\u1ec9 \u0111\u00f3n tr\u1ea3 mi\u1ec5n ph\u00ed trong khu v\u1ef1c x\u00e3 Phong Nha, t\u1ec9nh Qu\u1ea3ng Tr\u1ecb. C\u00e1c khu v\u1ef1c kh\u00e1c du kh\u00e1ch t\u1ef1 l\u00e1i t\u1edbi \u0111\u1ecba \u0111i\u1ec3m \u0111\u00f3n kh\u00e1ch t\u1ea1i Phong Nha c\u1ee7a M\u1ed9c Nam ho\u1eb7c ch\u00fang t\u00f4i s\u1ebd h\u1ed7 tr\u1ee3 \u0111\u1eb7t xe taxi \u0111\u00f3n tr\u1ea3 du kh\u00e1ch v\u1edbi chi phi h\u1ee3p l\u00fd. Li\u00ean h\u1ec7 v\u1edbi ch\u00fang t\u00f4i \u0111\u1ec3 bi\u1ebft th\u00eam th\u00f4ng tin chi ti\u1ebft.<br \/><strong><br \/>V\u1ecb tr\u00ed \u0111\u1ecba \u0111i\u1ec3m \u0111\u00f3n kh\u00e1ch t\u1ea1i Phong Nha: <span style=\"color: #0000ff;\"><a style=\"color: #0000ff;\" href=\"https:\/\/maps.app.goo.gl\/oBkXqT5z6c2tWyj26\" rel=\"nofollow noopener\" target=\"_blank\">https:\/\/maps.app.goo.gl\/oBkXqT5z6c2tWyj26<\/a><\/span><\/strong><\/h4>\n<p><\/p>\n<h3><strong>\u0110I T\u1edaI PHONG NHA B\u1eb0NG C\u00c1CH N\u00c0O?<\/strong><\/h3>\n<p><\/p>\n<div dir=\"auto\">C\u00f3 nhi\u1ec1u c\u00e1ch \u0111\u1ec3 c\u00e1c b\u1ea1n di chuy\u1ec3n t\u1edbi Phong Nha: di chuy\u1ec3n b\u1eb1ng m\u00e1y bay, t\u00e0u ho\u1ea3, xe gi\u01b0\u1eddng n\u1eb1m hay t\u1ef1 l\u00e1i xe oto, xe g\u1eafn m\u00e1y c\u0169ng \u0111\u1ec1u th\u00fa v\u1ecb<\/div>\n<p><\/p>\n<h3 dir=\"auto\"><span class=\"html-span xexx8yu xyri2b x18d9i69 x1c1uobl x1hl2dhg x16tdsg8 x1vvkbs x3nfvp2 x1j61x8r x1fcty0u xdj266r xat24cr xm2jcoa x1mpyi22 xxymvpz xlup9mm x1kky2od\"><img loading=\"lazy\" decoding=\"async\" class=\"xz74otr x15mokao x1ga7v0g x16uus16 xbiv7yw\" src=\"https:\/\/static.xx.fbcdn.net\/images\/emoji.php\/v9\/tb6\/1\/16\/2708.png\" alt=\"\u2708\" width=\"16\" height=\"16\" title=\"\"><\/span> \u0110I M\u00c1Y BAY<\/h3>\n<p><\/p>\n<div dir=\"auto\">\n<p>Du kh\u00e1ch c\u00f3 th\u1ec3 kh\u1edfi h\u00e0nh t\u1eeb c\u00e1c th\u00e0nh ph\u1ed1 l\u1edbn nh\u01b0 H\u00e0 N\u1ed9i, TP HCM v\u00e0 h\u1ea1 c\u00e1nh \u1edf s\u00e2n bay \u0110\u1ed3ng H\u1edbi. Kho\u1ea3ng c\u00e1ch t\u1eeb s\u00e2n bay \u0111\u1ebfn Phong Nha l\u00e0 45km. H\u00e0ng ng\u00e0y c\u00f3 2 chuy\u1ebfn bay t\u1eeb H\u00e0 N\u1ed9i\/tp HCM t\u1edbi \u0110\u1ed3ng H\u1edbi ( 1 bu\u1ed5i s\u00e1ng v\u00e0 1 bu\u1ed5i chi\u1ec1u) C\u00e1c h\u00e3ng m\u00e1y bay bao g\u1ed3m <a href=\"https:\/\/www.vietnamairlines.com\/vn\/vi\/home\" rel=\"nofollow noopener\" target=\"_blank\">Vietnam Airlines<\/a>, <a href=\"https:\/\/www.vietjetair.com\/\" rel=\"nofollow noopener\" target=\"_blank\">VietJet Air<\/a> . Sau \u0111\u00f3 c\u00e1c b\u1ea1n th\u1ec3 di chuy\u1ec3n t\u1edbi Phong Nha b\u1eb1ng: Taxi, xe bus, xe g\u1eafn m\u00e1y ho\u1eb7c xe d\u1ecbch v\u1ee5 (c\u00f3 th\u1ec3 li\u00ean h\u1ec7 ch\u00fang t\u00f4i \u0111\u1ec3 \u0111\u1eb7t h\u1ed9 v\u1edbi chi ph\u00ed h\u1ee3p l\u00fd h\u01a1n). Th\u1eddi gian di chuy\u1ec3n t\u1eeb s\u00e2n bay \u0111\u1ebfn Phong Nha l\u00e0 kho\u1ea3ng 1 gi\u1edd.<\/p>\n<\/div>\n<p><\/p>\n<h3 dir=\"auto\"><span class=\"html-span xexx8yu xyri2b x18d9i69 x1c1uobl x1hl2dhg x16tdsg8 x1vvkbs x3nfvp2 x1j61x8r x1fcty0u xdj266r xat24cr xm2jcoa x1mpyi22 xxymvpz xlup9mm x1kky2od\"><img loading=\"lazy\" decoding=\"async\" class=\"xz74otr x15mokao x1ga7v0g x16uus16 xbiv7yw\" src=\"https:\/\/static.xx.fbcdn.net\/images\/emoji.php\/v9\/t49\/1\/16\/1f683.png\" alt=\"\ud83d\ude83\" width=\"16\" height=\"16\" title=\"\"><\/span> \u0110I T\u00c0U HO\u1ea2<\/h3>\n<p><\/p>\n<div dir=\"auto\">\n<p>T\u01b0\u01a1ng t\u1ef1 nh\u01b0 \u0111i m\u00e1y bay, du kh\u00e1ch xu\u1ea5t ph\u00e1t t\u1eeb c\u00e1c ga l\u1edbn nh\u01b0 ga H\u00e0 N\u1ed9i, ga \u0110\u00e0 N\u1eb5ng, ga S\u00e0i G\u00f2n&#8230; t\u1edbi ga \u0110\u1ed3ng H\u1edbi r\u1ed3i di chuy\u1ec3n ti\u1ebfp t\u1edbi Phong Nha b\u1eb1ng c\u00e1ch b\u00ean tr\u00ean. \u0110i t\u00e0u s\u1ebd c\u1ea7n th\u1eddi gian di chuy\u1ec3n l\u00e2u h\u01a1n nh\u01b0ng c\u0169ng s\u1ebd c\u00f3 tr\u1ea3i nghi\u1ec7m th\u00fa v\u1ecb v\u00e0 ng\u1eafm nh\u00ecn khung c\u1ea3nh \u0111\u1eb9p n\u01a1i t\u00e0u \u0111i qua.<\/p>\n<\/div>\n<p><\/p>\n<h3 dir=\"auto\"><span class=\"html-span xexx8yu xyri2b x18d9i69 x1c1uobl x1hl2dhg x16tdsg8 x1vvkbs x3nfvp2 x1j61x8r x1fcty0u xdj266r xat24cr xm2jcoa x1mpyi22 xxymvpz xlup9mm x1kky2od\"><img loading=\"lazy\" decoding=\"async\" class=\"xz74otr x15mokao x1ga7v0g x16uus16 xbiv7yw\" src=\"https:\/\/static.xx.fbcdn.net\/images\/emoji.php\/v9\/t79\/1\/16\/1f68c.png\" alt=\"\ud83d\ude8c\" width=\"16\" height=\"16\" title=\"\"><\/span> XE BUS<\/h3>\n<p><\/p>\n<div dir=\"auto\">\n<p>Trong ng\u00e0y c\u00f3 4 chuy\u1ebfn xe bu\u00fdt \u0110\u1ed3ng H\u1edbi \u2013 Phong Nha s\u1ed1 hi\u1ec7u B4 , sdt 0913559357 &#8211; (0232)3717178, gi\u00e1 v\u00e9 35k\/chi\u1ec1u\/ng\u01b0\u1eddi<\/p>\n<\/div>\n<p><\/p>\n<h3 dir=\"auto\"><span class=\"html-span xexx8yu xyri2b x18d9i69 x1c1uobl x1hl2dhg x16tdsg8 x1vvkbs x3nfvp2 x1j61x8r x1fcty0u xdj266r xat24cr xm2jcoa x1mpyi22 xxymvpz xlup9mm x1kky2od\"><img loading=\"lazy\" decoding=\"async\" class=\"xz74otr x15mokao x1ga7v0g x16uus16 xbiv7yw\" src=\"https:\/\/static.xx.fbcdn.net\/images\/emoji.php\/v9\/tec\/1\/16\/1f697.png\" alt=\"\ud83d\ude97\" width=\"16\" height=\"16\" title=\"\"><\/span>OTO T\u1ef0 L\u00c1I<\/h3>\n<p><\/p>\n<div dir=\"auto\">\n<p>Du kh\u00e1ch c\u00f3 th\u1ec3 ch\u1ee7 \u0111\u1ed9ng l\u00e1i xe oto t\u1edbi Phong Nha t\u1eeb c\u00e1c th\u00e0nh ph\u1ed1 l\u1edbn nh\u01b0 H\u00e0 N\u1ed9i, \u0110\u00e0 N\u1eb5ng, H\u1ed3 Ch\u00ed Minh v\u1edbi th\u1eddi gian di chuy\u1ec3n trung b\u00ecnh 50km cho 1 ti\u1ebfng. \u0110\u01b0\u1eddng \u0111i r\u1ed9ng r\u00e3i, tho\u00e1ng \u0111\u00e3ng, k\u1ebft h\u1ee3p trong 1 chuy\u1ebfn \u0111i xuy\u00ean Vi\u1ec7t qua \u0110\u1ed3ng H\u1edbi \u0111\u1ec3 c\u00f3 c\u1ea3 ho\u1ea1t \u0111\u1ed9ng l\u00ean r\u1eebng xu\u1ed1ng bi\u1ec3n th\u00ec th\u1eadt tuy\u1ec7t v\u1eddi. H\u00e3y t\u00ednh to\u00e1n qu\u00e3ng \u0111\u01b0\u1eddng tr\u01b0\u1edbc khi di chuy\u1ec3n \u0111\u1ec3 t\u1edbi Phong Nha t\u1ea7m t\u1ed1i r\u1ed3i ngh\u1ec9 ng\u01a1i t\u1ea1i \u0111\u00e2y 1 \u0111\u00eam.<\/p>\n<\/div>\n<p><\/p>\n<h3 dir=\"auto\">* \u0110I XE GI\u01af\u1edcNG N\u1eb0M<\/h3>\n<p><\/p>\n<h4 dir=\"auto\"><span class=\"html-span xexx8yu xyri2b x18d9i69 x1c1uobl x1hl2dhg x16tdsg8 x1vvkbs x3nfvp2 x1j61x8r x1fcty0u xdj266r xat24cr xm2jcoa x1mpyi22 xxymvpz xlup9mm x1kky2od\"><img loading=\"lazy\" decoding=\"async\" class=\"xz74otr x15mokao x1ga7v0g x16uus16 xbiv7yw\" src=\"https:\/\/static.xx.fbcdn.net\/images\/emoji.php\/v9\/t67\/1\/16\/1f692.png\" alt=\"\ud83d\ude92\" width=\"16\" height=\"16\" title=\"\"><\/span>H\u00c0 N\u1ed8I &#8211; PHONG NHA<\/h4>\n<p><\/p>\n<div dir=\"auto\">H\u01b0ng Long: 0914077779 (32-38 gi\u01b0\u1eddng)<\/div>\n<p><\/p>\n<div dir=\"auto\">Ho\u00e0ng Linh: 0968333857<\/div>\n<p><\/p>\n<div dir=\"auto\">Queen Cafe: 0339070692 (32-38 gi\u01b0\u1eddng)<\/div>\n<p><\/p>\n<div dir=\"auto\">Gi\u00e1 v\u00e9: 350k-500k\/chi\u1ec1u<\/div>\n<p><\/p>\n<div dir=\"auto\">Xe \u0111\u00f3n t\u1ea1i HN: 19h-19h30<\/div>\n<p><\/p>\n<div dir=\"auto\">Xe \u0111\u00f3n t\u1ea1i Phong Nha: 19h30-21h<\/div>\n<p><\/p>\n<div dir=\"auto\">HK Buslines: 0979252622 ( 24 cabin)<\/div>\n<p><\/p>\n<div dir=\"auto\">Gi\u00e1 v\u00e9: 650k\/ng\u01b0\u1eddi\/chi\u1ec1u &#8211; 950k\/2 ng\u01b0\u1eddi\/chi\u1ec1u<\/div>\n<p><\/p>\n<div dir=\"auto\">Xe \u0111\u00f3n t\u1ea1i HN: 16h15-18h30<\/div>\n<p><\/p>\n<div dir=\"auto\">Xe \u0111\u00f3n t\u1ea1i Phong Nha: 23h30-1h00<\/div>\n<p><\/p>\n<div dir=\"auto\">Quang D\u0169ng 0962334334 (limosine 22 cabin)<\/div>\n<p><\/p>\n<div dir=\"auto\">Gi\u00e1 v\u00e9: 500k\/chi\u1ec1u<\/div>\n<p><\/p>\n<div dir=\"auto\">Xe \u0111\u00f3n t\u1ea1i HN: 17h30<\/div>\n<p><\/p>\n<div dir=\"auto\">Xe \u0111\u00f3n t\u1ea1i Phong Nha: 9h30-10h30<br \/>HM HAPPY CAR<\/div>\n<p><\/p>\n<h4 dir=\"auto\"><span class=\"html-span xexx8yu xyri2b x18d9i69 x1c1uobl x1hl2dhg x16tdsg8 x1vvkbs x3nfvp2 x1j61x8r x1fcty0u xdj266r xat24cr xm2jcoa x1mpyi22 xxymvpz xlup9mm x1kky2od\"><img loading=\"lazy\" decoding=\"async\" class=\"xz74otr x15mokao x1ga7v0g x16uus16 xbiv7yw\" src=\"https:\/\/static.xx.fbcdn.net\/images\/emoji.php\/v9\/t67\/1\/16\/1f692.png\" alt=\"\ud83d\ude92\" width=\"16\" height=\"16\" title=\"\"><\/span>NINH B\u00ccNH \u2013 PHONG NHA: T\u01b0\u01a1ng t\u1ef1 tuy\u1ebfn H\u00e0 N\u1ed9i-Phong Nha<\/h4>\n<p><\/p>\n<h4 dir=\"auto\"><span class=\"html-span xexx8yu xyri2b x18d9i69 x1c1uobl x1hl2dhg x16tdsg8 x1vvkbs x3nfvp2 x1j61x8r x1fcty0u xdj266r xat24cr xm2jcoa x1mpyi22 xxymvpz xlup9mm x1kky2od\"><img loading=\"lazy\" decoding=\"async\" class=\"xz74otr x15mokao x1ga7v0g x16uus16 xbiv7yw\" src=\"https:\/\/static.xx.fbcdn.net\/images\/emoji.php\/v9\/t67\/1\/16\/1f692.png\" alt=\"\ud83d\ude92\" width=\"16\" height=\"16\" title=\"\"><\/span>\u0110\u00c0 N\u1eb4NG \u2013 PHONG NHA:<\/h4>\n<p><\/p>\n<div dir=\"auto\">H\u1ea3i H\u00e0: 0905619619<\/div>\n<p><\/p>\n<div dir=\"auto\">H\u1ea1nh Luy\u1ebfn: 0339070692<\/div>\n<p><\/p>\n<div dir=\"auto\">Quang D\u0169ng: 0962334334 (limosine 22 cabin)<\/div>\n<p><\/p>\n<div dir=\"auto\">Gi\u00e1 v\u00e9: 300k\/chi\u1ec1u<\/div>\n<p><\/p>\n<div dir=\"auto\">Xe \u0111\u00f3n t\u1ea1i \u0110\u00e0 N\u1eb5ng: 8h-15h<\/div>\n<p><\/p>\n<div dir=\"auto\">Xe \u0111\u00f3n t\u1ea1i Phong Nha: 14h<\/div>\n<p><\/p>\n<div dir=\"auto\">HK Busline: 0979252622( 24 cabin)<\/div>\n<p><\/p>\n<div dir=\"auto\">Phong Ph\u00fa: 0978330678<\/div>\n<p><\/p>\n<div dir=\"auto\">Gi\u00e1 v\u00e9: 250k\/chi\u1ec1u<\/div>\n<p><\/p>\n<div dir=\"auto\">Xe \u0111\u00f3n t\u1ea1i Phong Nha: 8h00<\/div>\n<p><\/p>\n<h4 dir=\"auto\"><span class=\"html-span xexx8yu xyri2b x18d9i69 x1c1uobl x1hl2dhg x16tdsg8 x1vvkbs x3nfvp2 x1j61x8r x1fcty0u xdj266r xat24cr xm2jcoa x1mpyi22 xxymvpz xlup9mm x1kky2od\"><img loading=\"lazy\" decoding=\"async\" class=\"xz74otr x15mokao x1ga7v0g x16uus16 xbiv7yw\" src=\"https:\/\/static.xx.fbcdn.net\/images\/emoji.php\/v9\/t67\/1\/16\/1f692.png\" alt=\"\ud83d\ude92\" width=\"16\" height=\"16\" title=\"\"><\/span>HU\u1ebe \u2013 PHONG NHA \/ H\u1ed8I AN \u2013 PHONG NHA: T\u01b0\u01a1ng t\u1ef1 tuy\u1ebfn \u0110\u00e0 N\u1eb5ng-Phong Nha, gi\u00e1 v\u00e9 s\u1ebd nh\u1ec9nh h\u01a1n.<\/h4>\n<p><\/p>\n<div dir=\"auto\">C\u00f2n nh\u1eefng n\u01a1i kh\u00f4ng c\u00f3 chuy\u1ebfn ch\u1ea1y th\u1eb3ng t\u1edbi Phong Nha th\u00ec du kh\u00e1ch b\u1eaft xe gi\u01b0\u1eddng n\u1eb1m t\u1edbi \u0110\u1ed3ng H\u1edbi r\u1ed3i t\u1eeb \u0110\u1ed3ng H\u1edbi \u0111i ti\u1ebfp t\u1edbi Phong Nha nh\u00e9. T\u1eeb H\u1ed9i An v\u00e0o mi\u1ec1n Nam th\u00ec ch\u00fang t\u00f4i \u0111\u1ec1 xu\u1ea5t di chuy\u1ec3n di chuy\u1ec3n b\u1eb1ng m\u00e1y bay cho thu\u1eadn ti\u1ec7n.<\/div>\n","protected":false},"excerpt":{"rendered":"<p>Tour ch\u1ec9 \u0111\u00f3n tr\u1ea3 mi\u1ec5n ph\u00ed trong khu v\u1ef1c x\u00e3 Phong Nha, t\u1ec9nh Qu\u1ea3ng Tr\u1ecb. C\u00e1c khu v\u1ef1c kh\u00e1c du kh\u00e1ch t\u1ef1 l\u00e1i t\u1edbi \u0111\u1ecba \u0111i\u1ec3m \u0111\u00f3n kh\u00e1ch t\u1ea1i Phong Nha c\u1ee7a M\u1ed9c Nam ho\u1eb7c ch\u00fang t\u00f4i s\u1ebd h\u1ed7 tr\u1ee3 \u0111\u1eb7t xe taxi \u0111\u00f3n tr\u1ea3 du kh\u00e1ch v\u1edbi chi phi h\u1ee3p l\u00fd. Li\u00ean h\u1ec7 v\u1edbi [&#8230;]\n","protected":false},"author":1,"featured_media":0,"parent":0,"menu_order":0,"comment_status":"closed","ping_status":"closed","template":"","meta":{"_acf_changed":false,"footnotes":""},"class_list":["post-918","page","type-page","status-publish","hentry"],"acf":[],"_links":{"self":[{"href":"https:\/\/mocnam.vn\/en\/wp-json\/wp\/v2\/pages\/918","targetHints":{"allow":["GET"]}}],"collection":[{"href":"https:\/\/mocnam.vn\/en\/wp-json\/wp\/v2\/pages"}],"about":[{"href":"https:\/\/mocnam.vn\/en\/wp-json\/wp\/v2\/types\/page"}],"author":[{"embeddable":true,"href":"https:\/\/mocnam.vn\/en\/wp-json\/wp\/v2\/users\/1"}],"replies":[{"embeddable":true,"href":"https:\/\/mocnam.vn\/en\/wp-json\/wp\/v2\/comments?post=918"}],"version-history":[{"count":3,"href":"https:\/\/mocnam.vn\/en\/wp-json\/wp\/v2\/pages\/918\/revisions"}],"predecessor-version":[{"id":1065,"href":"https:\/\/mocnam.vn\/en\/wp-json\/wp\/v2\/pages\/918\/revisions\/1065"}],"wp:attachment":[{"href":"https:\/\/mocnam.vn\/en\/wp-json\/wp\/v2\/media?parent=918"}],"curies":[{"name":"wp","href":"https:\/\/api.w.org\/{rel}","templated":true}]}}